{"id":39,"date":"2015-04-08T18:39:18","date_gmt":"2015-04-08T18:39:18","guid":{"rendered":"http:\/\/synergieconceptpnl.com\/index.php\/get-in-touch\/"},"modified":"2025-07-14T17:43:16","modified_gmt":"2025-07-14T21:43:16","slug":"get-in-touch","status":"publish","type":"page","link":"https:\/\/synergiecoaching.ca\/index.php\/get-in-touch\/","title":{"rendered":"Nous joindre"},"content":{"rendered":"<div id=\"cs-content\" class=\"cs-content\"><div id=\"x-section-1\" class=\"x-section cs-ta-center dark-section bg-pattern\" style=\"margin: 0px;padding: 100px 0px; background-image: url(https:\/\/synergiecoaching.ca\/wp-content\/uploads\/2017\/02\/bg-pattern.png); background-color: #02aed6;\" data-x-element=\"section\" data-x-params=\"{&quot;type&quot;:&quot;pattern&quot;,&quot;parallax&quot;:false}\"><div id=\"\" class=\"x-container max width\" style=\"margin: 0px auto;padding: 0px;\" ><div  class=\"x-column x-sm x-1-1\" style=\"padding: 0px;\" ><h1  class=\"h-custom-headline man h2\" ><span>VOUS \u00caTES UNIQUE\nVOTRE SUCC\u00c8S A SES EXIGENCES<\/span><\/h1><div  class=\"x-raw-content\" style=\"margin: 1.25em auto 1.25em; max-width: 35em; color: #fff;\"><p class=\"man\"><strong>SynergieCoaching <\/strong><br \/>\nConsultant Management et Performance Organisationnelle (MPO)<br \/>\nCoachs Professionnel Certifi\u00e9\n\n\n      <\/p><\/div><h2  class=\"h-feature-headline man h5\" ><span><i class=\"x-icon-envelope-o x-framework-icon\" data-x-icon-s=\"&#xf0e0;\" ><\/i><a href=\"mailto:info@synergiecoaching.ca\">jmarc@synergiecoaching.ca<\/a><\/span><\/h2><\/div><\/div><\/div><div id=\"x-section-2\" class=\"x-section cs-ta-center\" style=\"margin: 0px;padding: 20px 0px; background-color: hsl(0, 0%, 26%);\" ><div id=\"\" class=\"x-container max width\" style=\"margin: 0px auto;padding: 0px;\" ><div  class=\"x-column x-sm x-1-1\" style=\"padding: 0px;\" ><a  class=\"x-btn x-btn-large x-btn-block\"  href=\"tel:15143603498\"     data-options=\"thumbnail: ''\"><i  class=\"x-icon mvn mln mrs x-icon-phone\" data-x-icon-s=\"&#xf095;\" aria-hidden=\"true\"><\/i>Laissez-nous r\u00e9pondre \u00e0 vos questions 514-360-3498 Poste 36<\/a><a  class=\"x-btn x-btn-large x-btn-block\"  href=\"https:\/\/calendly.com\/jeanmarc-paquin\"     data-options=\"thumbnail: ''\"><i  class=\"x-icon mvn mln mrs x-icon-calendar\" data-x-icon-s=\"&#xf133;\" aria-hidden=\"true\"><\/i>Prise de rendez-vous \u00e9lectronique<\/a><\/div><\/div><\/div><div id=\"x-section-3\" class=\"x-section\" style=\"margin: 0px;padding: 45px 0px 100px; background-color: hsl(0, 0%, 100%);\" ><div id=\"\" class=\"x-container max width\" style=\"margin: 0px auto;padding: 0px;\" ><div  class=\"x-column x-sm cs-ta-center x-2-3\" style=\"padding: 0px;\" ><h2  class=\"h-custom-headline h3\" ><span>Ecrivez-nous<\/span><\/h2><hr  class=\"x-gap\" style=\"margin: 50px 0 0 0;\">\n<div class=\"wpcf7 no-js\" id=\"wpcf7-f118-o1\" lang=\"en-US\" dir=\"ltr\" data-wpcf7-id=\"118\">\n<div class=\"screen-reader-response\"><p role=\"status\" aria-live=\"polite\" aria-atomic=\"true\"><\/p> <ul><\/ul><\/div>\n<form action=\"\/index.php\/wp-json\/wp\/v2\/pages\/39#wpcf7-f118-o1\" method=\"post\" class=\"wpcf7-form init\" aria-label=\"Contact form\" novalidate=\"novalidate\" data-status=\"init\">\n<fieldset class=\"hidden-fields-container\"><input type=\"hidden\" name=\"_wpcf7\" value=\"118\" \/><input type=\"hidden\" name=\"_wpcf7_version\" value=\"6.1.5\" \/><input type=\"hidden\" name=\"_wpcf7_locale\" value=\"en_US\" \/><input type=\"hidden\" name=\"_wpcf7_unit_tag\" value=\"wpcf7-f118-o1\" \/><input type=\"hidden\" name=\"_wpcf7_container_post\" value=\"0\" \/><input type=\"hidden\" name=\"_wpcf7_posted_data_hash\" value=\"\" \/>\n<\/fieldset>\n<p><label> Votre nom*<br \/>\n<span class=\"wpcf7-form-control-wrap\" data-name=\"your-name\"><input size=\"40\" maxlength=\"400\" class=\"wpcf7-form-control wpcf7-text wpcf7-validates-as-required\" aria-required=\"true\" aria-invalid=\"false\" value=\"\" type=\"text\" name=\"your-name\" \/><\/span> <\/label>\n<\/p>\n<p><label> Votre courriel*<br \/>\n<span class=\"wpcf7-form-control-wrap\" data-name=\"your-email\"><input size=\"40\" maxlength=\"400\" class=\"wpcf7-form-control wpcf7-email wpcf7-validates-as-required wpcf7-text wpcf7-validates-as-email\" aria-required=\"true\" aria-invalid=\"false\" value=\"\" type=\"email\" name=\"your-email\" \/><\/span> <\/label>\n<\/p>\n<p><label> Sujet<br \/>\n<span class=\"wpcf7-form-control-wrap\" data-name=\"your-subject\"><input size=\"40\" maxlength=\"400\" class=\"wpcf7-form-control wpcf7-text\" aria-invalid=\"false\" value=\"\" type=\"text\" name=\"your-subject\" \/><\/span> <\/label>\n<\/p>\n<p><label> Message*<br \/>\n<span class=\"wpcf7-form-control-wrap\" data-name=\"your-message\"><textarea cols=\"40\" rows=\"10\" maxlength=\"2000\" class=\"wpcf7-form-control wpcf7-textarea wpcf7-validates-as-required\" aria-required=\"true\" aria-invalid=\"false\" name=\"your-message\"><\/textarea><\/span> <\/label>\n<\/p>\n<p><!-- Mailchimp for WordPress v4.10.5 - https:\/\/www.mc4wp.com\/ --><input type=\"hidden\" name=\"_mc4wp_subscribe_contact-form-7\" value=\"0\" \/><span class=\"mc4wp-checkbox mc4wp-checkbox-contact-form-7 \"><label><input type=\"checkbox\" name=\"_mc4wp_subscribe_contact-form-7\" value=\"1\" ><span>&nbsp; je d\u00e9sire recevoir les communications de SynergieCoaching<\/span><\/label><\/span><!-- \/ Mailchimp for WordPress -->\n<\/p>\n<p><input class=\"wpcf7-form-control wpcf7-submit has-spinner\" type=\"submit\" value=\"Envoyer\" \/>\n<\/p><div class=\"wpcf7-response-output\" aria-hidden=\"true\"><\/div>\n<\/form>\n<\/div>\n<hr  class=\"x-gap\" style=\"margin: 50px 0 0 0;\"><\/div><div  class=\"x-column x-sm cs-ta-center x-1-3\" style=\"padding: 0px;\" ><hr  class=\"x-gap\" style=\"margin: 100px 0 0 0;\"><\/div><\/div><\/div><div class=\"x-section e39-e21 m13-0\"><div class=\"x-row x-container max width e39-e22 m13-1 m13-2\"><div class=\"x-row-inner\"><div class=\"x-col e39-e23 m13-3\"><h2  class=\"h-custom-headline h3\" ><span>Suivez-Nous<\/span><\/h2><div class=\"x-social-global\"><a href=\"https:\/\/www.facebook.com\/synergiecoach\" class=\"facebook\" title=\"Facebook\" target=\"blank\" rel=\"\" style=\"outline: none; font-size:28px; padding-right:10px;\"><i class=\"x-icon-facebook-square\" data-x-icon-b=\"\uf082\" aria-hidden=\"true\"><\/i><\/a><a href=\"https:\/\/twitter.com\/SynergieCoach\" class=\"twitter\" title=\"Twitter\" target=\"blank\" rel=\"\" style=\"outline: none; font-size:28px; padding-right:10px;\"><i class=\"x-icon-twitter-square\" data-x-icon-b=\"\uf081\" aria-hidden=\"true\"><\/i><\/a><a href=\"http:\/\/www.google.com\/profiles\/104626669732056854508\" class=\"google-plus\" title=\"Google+\" target=\"blank\" rel=\"\" style=\"outline: none; font-size:28px; padding-right:10px;\"><i class=\"x-icon-google-plus-square\" data-x-icon-b=\"\uf0d4\" aria-hidden=\"true\"><\/i><\/a><a href=\"https:\/\/www.linkedin.com\/in\/synergiecoach\" class=\"linkedin\" title=\"LinkedIn\" target=\"blank\" rel=\"\" style=\"outline: none; font-size:28px; padding-right:10px;\"><i class=\"x-icon-linkedin-square\" data-x-icon-b=\"\uf08c\" aria-hidden=\"true\"><\/i><\/a><\/div><\/div><\/div><\/div><\/div><\/div>\n","protected":false},"excerpt":{"rendered":"<p>VOUS \u00caTES UNIQUE VOTRE SUCC\u00c8S A SES EXIGENCESSynergieCoaching Consultant Management et Performance Organisationnelle (MPO) Coachs Professionnel Certifi\u00e9 jmarc@synergiecoaching.caLaissez-nous r\u00e9pondre \u00e0 vos questions 514-360-3498 Poste 36Prise de rendez-vous \u00e9lectroniqueEcrivez-nous Votre nom* Votre courriel* Sujet Message* &nbsp; je d\u00e9sire recevoir les communications de SynergieCoaching Suivez-Nous<\/p>\n","protected":false},"author":1,"featured_media":0,"parent":0,"menu_order":0,"comment_status":"closed","ping_status":"closed","template":"template-blank-5.php","meta":{"footnotes":""},"class_list":["post-39","page","type-page","status-publish","hentry","no-post-thumbnail"],"_links":{"self":[{"href":"https:\/\/synergiecoaching.ca\/index.php\/wp-json\/wp\/v2\/pages\/39","targetHints":{"allow":["GET"]}}],"collection":[{"href":"https:\/\/synergiecoaching.ca\/index.php\/wp-json\/wp\/v2\/pages"}],"about":[{"href":"https:\/\/synergiecoaching.ca\/index.php\/wp-json\/wp\/v2\/types\/page"}],"author":[{"embeddable":true,"href":"https:\/\/synergiecoaching.ca\/index.php\/wp-json\/wp\/v2\/users\/1"}],"replies":[{"embeddable":true,"href":"https:\/\/synergiecoaching.ca\/index.php\/wp-json\/wp\/v2\/comments?post=39"}],"version-history":[{"count":12,"href":"https:\/\/synergiecoaching.ca\/index.php\/wp-json\/wp\/v2\/pages\/39\/revisions"}],"predecessor-version":[{"id":997,"href":"https:\/\/synergiecoaching.ca\/index.php\/wp-json\/wp\/v2\/pages\/39\/revisions\/997"}],"wp:attachment":[{"href":"https:\/\/synergiecoaching.ca\/index.php\/wp-json\/wp\/v2\/media?parent=39"}],"curies":[{"name":"wp","href":"https:\/\/api.w.org\/{rel}","templated":true}]}}