{"id":40,"date":"2015-04-13T20:01:40","date_gmt":"2015-04-13T20:01:40","guid":{"rendered":"http:\/\/synergieconceptpnl.com\/index.php\/case-studies\/"},"modified":"2025-07-14T17:27:53","modified_gmt":"2025-07-14T21:27:53","slug":"partenaires","status":"publish","type":"page","link":"https:\/\/synergiecoaching.ca\/index.php\/partenaires\/","title":{"rendered":"Carri\u00e8re"},"content":{"rendered":"<div id=\"cs-content\" class=\"cs-content\"><div id=\"x-section-1\" class=\"x-section bg-image parallax\" style=\"margin: 0px;padding: 45px 0px; background-image: url(https:\/\/synergiecoaching.ca\/wp-content\/uploads\/2017\/06\/business-woman-in-chair.jpg); background-color: transparent;\" data-x-element=\"section\" data-x-params=\"{&quot;type&quot;:&quot;image&quot;,&quot;parallax&quot;:true}\"><div id=\"\" class=\"x-container max width\" style=\"margin: 0px auto;padding: 45px 0px;\" ><div  class=\"x-column x-sm cs-ta-center x-1-1\" style=\"padding: 20px 30px 10px; background-color:hsla(0, 0%, 100%, 0.47);\" ><hr  class=\"x-gap\" style=\"margin: 40px 0 0 0;\"><h2  class=\"h-custom-headline cs-ta-center h2 accent\" ><span>Devenez coach affili\u00e9<br \/>\nSynergieCoaching<\/span><\/h2><div id=\"\" class=\"x-text\" style=\"\" ><h4><span style=\"color: #000000;\">Si vous \u00eates un coach d\u2019exception , que vous souhaitez avoir une client\u00e8le suppl\u00e9mentaire et mieux vivre de votre m\u00e9tier<\/span><\/h4>\n<h4><span style=\"color: #000000;\">SynergieCoaching offre \u00e0 ses partenaires affili\u00e9s des outils technologiques, du support et des clients pour aider le plus grand nombre de personnes<\/span><\/h4>\n<\/div><hr  class=\"x-gap\" style=\"margin: 50px 0 0 0;\"><\/div><\/div><\/div><div id=\"x-section-2\" class=\"x-section\" style=\"margin: 0px;padding: 45px 0px; background-color: transparent;\" ><div id=\"\" class=\"x-container max width\" style=\"margin: 0px auto;padding: 0px;\" ><div  class=\"x-column x-sm cs-ta-center x-1-1\" style=\"padding: 0px;\" ><h1  class=\"h-custom-headline cs-ta-center h2 accent\" ><span>Pourquoi SynergieCoaching ?<\/span><\/h1><hr  class=\"x-gap\" style=\"margin: 20px 0 0 0;\"><ul  class=\"x-feature-list\"  data-x-element=\"feature_list\" data-x-params=\"{&quot;animationOffset&quot;:&quot;50&quot;,&quot;animationDelayInitial&quot;:&quot;0&quot;,&quot;animationDelayBetween&quot;:&quot;300&quot;}\"><li  class=\"x-feature-box left-text middle-text cf\" style=\" max-width: none;\" data-x-element=\"feature_box\" data-x-params=\"{&quot;child&quot;:true,&quot;graphicAnimation&quot;:&quot;none&quot;,&quot;connectorAnimation&quot;:&quot;none&quot;,&quot;alignH&quot;:&quot;left&quot;,&quot;alignV&quot;:&quot;middle&quot;}\"><span class=\"x-feature-box-connector upper\" style=\"font-size: 40px; left: 0; right: calc(100% - 40px); border-left: 1px dashed #272727;\"><\/span><span class=\"x-feature-box-connector lower\" style=\"font-size: 40px; left: 0; right: calc(100% - 40px); border-left: 1px dashed #272727;\"><\/span><div class=\"x-feature-box-graphic circle x-feature-box-align-v-middle\"><div class=\"x-feature-box-graphic-outer circle\" style=\" margin-right: 40px;\"><div class=\"x-feature-box-graphic-inner circle\" style=\"font-size: 40px;\"><i class=\"x-icon-check-square-o circle\" data-x-icon-s=\"&#xf14a;\"  style=\"margin: 0 auto; color: #ffffff; background-color: hsl(358, 70%, 48%);\"><\/i><\/div><\/div><\/div><div class=\"x-feature-box-content x-feature-box-align-v-middle\"><h4 class=\"x-feature-box-title\">Aidez plus de gens et faites votre propre horaire<\/h4><p class=\"x-feature-box-text\">Remplissez vos plages horaires selon vos disponibilit\u00e9 de la semaine et vivez mieux de votre m\u00e9tier<\/p><\/div><\/li><li  class=\"x-feature-box left-text middle-text cf\" style=\" max-width: none;\" data-x-element=\"feature_box\" data-x-params=\"{&quot;child&quot;:true,&quot;graphicAnimation&quot;:&quot;none&quot;,&quot;connectorAnimation&quot;:&quot;none&quot;,&quot;alignH&quot;:&quot;left&quot;,&quot;alignV&quot;:&quot;middle&quot;}\"><span class=\"x-feature-box-connector upper\" style=\"font-size: 40px; left: 0; right: calc(100% - 40px); border-left: 1px dashed #272727;\"><\/span><span class=\"x-feature-box-connector lower\" style=\"font-size: 40px; left: 0; right: calc(100% - 40px); border-left: 1px dashed #272727;\"><\/span><div class=\"x-feature-box-graphic circle x-feature-box-align-v-middle\"><div class=\"x-feature-box-graphic-outer circle\" style=\" margin-right: 40px;\"><div class=\"x-feature-box-graphic-inner circle\" style=\"font-size: 40px;\"><i class=\"x-icon-check-square-o circle\" data-x-icon-s=\"&#xf14a;\"  style=\"margin: 0 auto; color: #ffffff; background-color: hsl(358, 70%, 48%);\"><\/i><\/div><\/div><\/div><div class=\"x-feature-box-content x-feature-box-align-v-middle\"><h4 class=\"x-feature-box-title\">Travaillez de votre maison ou de votre bureau<\/h4><p class=\"x-feature-box-text\"> vous recevez du support ainsi qu\u2019une m\u00e9thode simple et efficace pour travailler dans le confort de votre maison ou de votre bureau<\/p><\/div><\/li><li  class=\"x-feature-box left-text middle-text cf\" style=\" max-width: none;\" data-x-element=\"feature_box\" data-x-params=\"{&quot;child&quot;:true,&quot;graphicAnimation&quot;:&quot;none&quot;,&quot;connectorAnimation&quot;:&quot;none&quot;,&quot;alignH&quot;:&quot;left&quot;,&quot;alignV&quot;:&quot;middle&quot;}\"><span class=\"x-feature-box-connector upper\" style=\"font-size: 40px; left: 0; right: calc(100% - 40px); border-left: 1px dashed #272727;\"><\/span><span class=\"x-feature-box-connector lower\" style=\"font-size: 40px; left: 0; right: calc(100% - 40px); border-left: 1px dashed #272727;\"><\/span><div class=\"x-feature-box-graphic circle x-feature-box-align-v-middle\"><div class=\"x-feature-box-graphic-outer circle\" style=\" margin-right: 40px;\"><div class=\"x-feature-box-graphic-inner circle\" style=\"font-size: 40px;\"><i class=\"x-icon-check-square-o circle\" data-x-icon-s=\"&#xf14a;\"  style=\"margin: 0 auto; color: #ffffff; background-color: hsl(358, 70%, 48%);\"><\/i><\/div><\/div><\/div><div class=\"x-feature-box-content x-feature-box-align-v-middle\"><h4 class=\"x-feature-box-title\">Utilisez une m\u00e9thode sign\u00e9e SynergieCoaching<\/h4><p class=\"x-feature-box-text\">D\u00e9couvrez notre m\u00e9thode mind set d&rsquo;excellence qui  fait ses preuves depuis plus de 10 ans<\/p><\/div><\/li><li  class=\"x-feature-box left-text middle-text cf\" style=\" max-width: none;\" data-x-element=\"feature_box\" data-x-params=\"{&quot;child&quot;:true,&quot;graphicAnimation&quot;:&quot;none&quot;,&quot;connectorAnimation&quot;:&quot;none&quot;,&quot;alignH&quot;:&quot;left&quot;,&quot;alignV&quot;:&quot;middle&quot;}\"><span class=\"x-feature-box-connector upper\" style=\"font-size: 40px; left: 0; right: calc(100% - 40px); border-left: 1px dashed #272727;\"><\/span><span class=\"x-feature-box-connector lower\" style=\"font-size: 40px; left: 0; right: calc(100% - 40px); border-left: 1px dashed #272727;\"><\/span><div class=\"x-feature-box-graphic circle x-feature-box-align-v-middle\"><div class=\"x-feature-box-graphic-outer circle\" style=\" margin-right: 40px;\"><div class=\"x-feature-box-graphic-inner circle\" style=\"font-size: 40px;\"><i class=\"x-icon-check-square-o circle\" data-x-icon-s=\"&#xf14a;\"  style=\"margin: 0 auto; color: #ffffff; background-color: hsl(358, 70%, 48%);\"><\/i><\/div><\/div><\/div><div class=\"x-feature-box-content x-feature-box-align-v-middle\"><h4 class=\"x-feature-box-title\">Collaborez avec d'autres professionnels<\/h4><p class=\"x-feature-box-text\">\u00c9changez avec des professionnels de la sant\u00e9 et voyez l&rsquo;impact de votre travail sur eux et leurs clients<\/p><\/div><\/li><li  class=\"x-feature-box left-text middle-text cf\" style=\" max-width: none;\" data-x-element=\"feature_box\" data-x-params=\"{&quot;child&quot;:true,&quot;graphicAnimation&quot;:&quot;none&quot;,&quot;connectorAnimation&quot;:&quot;none&quot;,&quot;alignH&quot;:&quot;left&quot;,&quot;alignV&quot;:&quot;middle&quot;}\"><span class=\"x-feature-box-connector upper\" style=\"font-size: 40px; left: 0; right: calc(100% - 40px); border-left: 1px dashed #272727;\"><\/span><span class=\"x-feature-box-connector lower\" style=\"font-size: 40px; left: 0; right: calc(100% - 40px); border-left: 1px dashed #272727;\"><\/span><div class=\"x-feature-box-graphic circle x-feature-box-align-v-middle\"><div class=\"x-feature-box-graphic-outer circle\" style=\" margin-right: 40px;\"><div class=\"x-feature-box-graphic-inner circle\" style=\"font-size: 40px;\"><i class=\"x-icon-check-square-o circle\" data-x-icon-s=\"&#xf14a;\"  style=\"margin: 0 auto; color: #ffffff; background-color: hsl(358, 70%, 48%);\"><\/i><\/div><\/div><\/div><div class=\"x-feature-box-content x-feature-box-align-v-middle\"><h4 class=\"x-feature-box-title\">Obtenez une r\u00e9mun\u00e9ration avantageuse<\/h4><p class=\"x-feature-box-text\">SynergieCoaching tient \u00e0 ce que ses partenaires affili\u00e9s soient bien r\u00e9mun\u00e9r\u00e9s pour leur travail de qualit\u00e9<\/p><\/div><\/li><\/ul><hr  class=\"x-gap\" style=\"margin: 20px 0 0 0;\"><a  class=\"x-btn x-btn-global\"  href=\"https:\/\/synergiecoaching.ca\/index.php\/get-in-touch\/\"     data-options=\"thumbnail: ''\">Devenez partenaire !<\/a><hr  class=\"x-gap\" style=\"margin: 20px 0 0 0;\"><\/div><\/div><\/div><div id=\"x-section-3\" class=\"x-section\" style=\"margin: 0px;padding: 0px 0px 45px; background-color: hsl(0, 0%, 92%);\" ><div id=\"\" class=\"x-container max width\" style=\"margin: 0px auto;padding: 0px;\" ><div  class=\"x-column x-sm x-1-1\" style=\"padding: 0px 0%; background-color:hsla(0, 0%, 53%, 0);\" ><h2  class=\"h-custom-headline cs-ta-center h2 accent\" ><span>Le Concept:<\/span><\/h2><hr  class=\"x-gap\" style=\"margin: 50px 0 0 0;\"><div id=\"\" class=\"x-text cs-ta-left\" style=\"\" ><p><span style=\"color: #000000;\">Chef de file dans le domaine depuis 2012, nous sommes \u00e0 la recherche de coachs d\u2019exception pour desservir de nos clients.<\/span><\/p>\n<p><span style=\"color: #000000;\">Que ce soit dans le confort de votre maison ou de votre bureau, en personne ou \u00e0 distance, vous coacheriez des clients SynergieCoaching sans le souci de la facturation de la prise des rendez vous et de plusieurs autres t\u00e2ches administratives.<\/span><\/p>\n<p><span style=\"color: #000000;\">Notre client\u00e8le type est suivie par un professionnel de la sant\u00e9 et se retrouve dans une dynamique de changement personnel.<\/span><br \/>\n<span style=\"color: #000000;\"> Votre r\u00f4le sera d\u2019agir comme coach avec l\u2019approche de SynergieCoaching. Pour le reste mettez-y vos forces et votre couleur !<\/span><\/p>\n<\/div><\/div><\/div><\/div><div id=\"x-section-4\" class=\"x-section\" style=\"margin: 0px;padding: 10px 0px 45px; background-color: transparent;\" ><div id=\"\" class=\"x-container max width\" style=\"margin: 0px auto;padding: 0px;\" ><div  class=\"x-column x-sm cs-ta-center x-1-1\" style=\"padding: 0px;\" ><h2  class=\"h-custom-headline h2 accent\" ><span>Devenez partenaire affili\u00e9<\/span><\/h2><hr  class=\"x-gap\" style=\"margin: 40px 0 0 0;\"><\/div><\/div><div id=\"\" class=\"x-container max width\" style=\"margin: 0px auto;padding: 0px;\" ><div  class=\"x-column x-sm x-2-3\" style=\"padding: 0px;\" ><div id=\"\" class=\"x-text cs-ta-justify\" style=\"color: #000;\" ><p>Si vous d\u00e9tenez la certification de Coach Professionnel Certifi\u00e9 et que vous pratiquez depuis plus de trois ans selon une \u00e9thique rigoureuse. Communiquer avec nous aujourd&rsquo;hui, puisque nous avons h\u00e2te de vous rencontrer.<\/p>\n<\/div><\/div><div  class=\"x-column x-sm cs-ta-center x-1-3\" style=\"padding: 0px;\" ><hr  class=\"x-gap\" style=\"margin: 35px 0 0 0;\"><a  class=\"x-btn x-btn-global\"  href=\"https:\/\/synergiecoaching.ca\/index.php\/get-in-touch\/\"     data-options=\"thumbnail: ''\">Joignez vous \u00e0 notre \u00e9quipe !<\/a><\/div><\/div><\/div><\/div>\n","protected":false},"excerpt":{"rendered":"","protected":false},"author":1,"featured_media":0,"parent":0,"menu_order":0,"comment_status":"closed","ping_status":"closed","template":"template-layout-full-width.php","meta":{"rs_blank_template":"","rs_page_bg_color":"","slide_template_v7":"","footnotes":""},"class_list":["post-40","page","type-page","status-publish","hentry","no-post-thumbnail"],"_links":{"self":[{"href":"https:\/\/synergiecoaching.ca\/index.php\/wp-json\/wp\/v2\/pages\/40","targetHints":{"allow":["GET"]}}],"collection":[{"href":"https:\/\/synergiecoaching.ca\/index.php\/wp-json\/wp\/v2\/pages"}],"about":[{"href":"https:\/\/synergiecoaching.ca\/index.php\/wp-json\/wp\/v2\/types\/page"}],"author":[{"embeddable":true,"href":"https:\/\/synergiecoaching.ca\/index.php\/wp-json\/wp\/v2\/users\/1"}],"replies":[{"embeddable":true,"href":"https:\/\/synergiecoaching.ca\/index.php\/wp-json\/wp\/v2\/comments?post=40"}],"version-history":[{"count":8,"href":"https:\/\/synergiecoaching.ca\/index.php\/wp-json\/wp\/v2\/pages\/40\/revisions"}],"predecessor-version":[{"id":987,"href":"https:\/\/synergiecoaching.ca\/index.php\/wp-json\/wp\/v2\/pages\/40\/revisions\/987"}],"wp:attachment":[{"href":"https:\/\/synergiecoaching.ca\/index.php\/wp-json\/wp\/v2\/media?parent=40"}],"curies":[{"name":"wp","href":"https:\/\/api.w.org\/{rel}","templated":true}]}}