{"id":41,"date":"2015-04-08T18:38:57","date_gmt":"2015-04-08T18:38:57","guid":{"rendered":"http:\/\/synergieconceptpnl.com\/index.php\/about\/"},"modified":"2025-07-14T17:24:11","modified_gmt":"2025-07-14T21:24:11","slug":"about","status":"publish","type":"page","link":"https:\/\/synergiecoaching.ca\/index.php\/about\/","title":{"rendered":"\u00c0 propos"},"content":{"rendered":"<div id=\"cs-content\" class=\"cs-content\"><div id=\"x-section-1\" class=\"x-section cs-ta-center dark-section bg-pattern\" style=\"margin: 0px;padding: 100px 0px; background-image: url(https:\/\/synergiecoaching.ca\/wp-content\/uploads\/2017\/02\/bg-pattern.png); background-color: hsl(0, 0%, 70%);\" data-x-element=\"section\" data-x-params=\"{&quot;type&quot;:&quot;pattern&quot;,&quot;parallax&quot;:false}\"><div id=\"\" class=\"x-container max width\" style=\"margin: 0px auto;padding: 0px;\" ><div  class=\"x-column x-sm x-1-1\" style=\"padding: 0px;\" ><h1  class=\"h-custom-headline man h2\" style=\"text-transform:uppercase; font-weight:600;\"><span>Ensemble pour dynamiser vos r\u00e9ussites<br \/>\npersonnelles et professionnelles<\/span><\/h1><\/div><\/div><\/div><div id=\"x-section-2\" class=\"x-section\" style=\"margin: 0px;padding: 50px 0px 10px; background-color: hsl(0, 0%, 100%);\" ><div id=\"\" class=\"x-container max width\" style=\"margin: 0px auto;padding: 0px;\" ><div  class=\"x-column x-sm x-1-1\" style=\"padding: 0px;\" ><h1  class=\"h-custom-headline cs-ta-center man h2 accent\" ><span>SynergieCoaching<\/span><\/h1><\/div><\/div><div id=\"\" class=\"x-container max width\" style=\"margin: 50px auto 0px;padding: 0px;\" ><div  class=\"x-column x-sm x-1-1\" style=\"padding: 0px;\" ><hr  class=\"x-gap\" style=\"margin: 50px 0 0 0;\"><hr  class=\"x-gap x-hide-md x-hide-lg x-hide-xl\" style=\"margin: 50px 0 0 0;\"><\/div><\/div><\/div><div id=\"x-section-3\" class=\"x-section bg-image parallax\" style=\"margin: 0px;padding: 200px 0px; background-image: url(https:\/\/synergiecoaching.ca\/wp-content\/uploads\/2017\/02\/girl-drinking-water.jpg); background-color: #463729;\" data-x-element=\"section\" data-x-params=\"{&quot;type&quot;:&quot;image&quot;,&quot;parallax&quot;:true}\"><div id=\"\" class=\"x-container max width\" style=\"margin: 0px auto;padding: 0px;\" ><div  class=\"x-column x-sm x-1-1\" style=\"padding: 45px; background-color:hsla(0, 0%, 100%, 0.47);\" ><div  class=\"x-raw-content\" style=\"color: #000; font-size: 1.2em;\"><p>Chef de file dans son domaine depuis 2012, SynergieCoaching se sp\u00e9cialise en consultations et en coaching professionnel. Ayant la chance de collaborer avec des chercheurs rattach\u00e9s \u00e0 l\u2019Universit\u00e9 Laval, SynergieCoaching souhaite participer aux avanc\u00e9es de la pratique et au succ\u00e8s des entreprises.<\/p><\/div><h3  class=\"x-text-type h2\"  data-x-element-text-type=\"{&quot;strings&quot;:[&quot;parce que votre mieux-\\u00eatre est n\\u00e9cessaire \\u00e0 votre bonheur&quot;],&quot;type_speed&quot;:70,&quot;start_delay&quot;:50,&quot;back_speed&quot;:20,&quot;back_delay&quot;:5000,&quot;loop&quot;:false,&quot;show_cursor&quot;:true,&quot;cursor&quot;:&quot;|&quot;}\"><span class=\"text\"><\/span><\/h3><div id=\"\" class=\"x-text\" style=\"\" ><h4><\/h4>\n<h4>Nous croyons que l\u2019\u00eatre humain aspire \u00e0 vivre heureux et que le bonheur a ses exigences.<\/h4>\n<h4>Nos coachs sont judicieusement s\u00e9lectionn\u00e9s par leur savoir-\u00eatre et leur savoir-faire incomparables.<\/h4>\n<\/div><\/div><\/div><\/div><div id=\"fondateur\" class=\"x-section cs-ta-center\" style=\"margin: 0px;padding: 20px 0px 40px; background-color: hsla(0, 0%, 0%, 0);\" ><div id=\"\" class=\"x-container max width\" style=\"margin: 0px auto;padding: 0px 5%;\" ><div  class=\"x-column x-sm x-1-1\" style=\"padding: 0px;\" ><h1  class=\"h-custom-headline h2 accent\" style=\"text-transform: uppercase;\"><span>Jean-Marc Paquin<\/span><\/h1><\/div><\/div><div id=\"\" class=\"x-container max width\" style=\"margin: 50px auto 0px;padding: 0px;\" ><div  class=\"x-column x-sm x-1-3\" style=\"padding: 0px;\" ><div  class=\"x-feature-box man center-text top-text cf\" style=\" max-width: none;\" data-x-element=\"feature_box\" data-x-params=\"{&quot;child&quot;:false,&quot;graphicAnimation&quot;:&quot;none&quot;,&quot;graphicAnimationOffset&quot;:&quot;50&quot;,&quot;graphicAnimationDelay&quot;:&quot;0&quot;}\"><div class=\"x-feature-box-graphic circle \"><div class=\"x-feature-box-graphic-outer circle\" style=\"\"><div class=\"x-feature-box-graphic-inner circle\" style=\"font-size: 150px;\"><img decoding=\"async\" class=\"circle\" src=\"https:\/\/synergiecoaching.ca\/wp-content\/uploads\/2017\/01\/Jean-Marc_demo.jpg\" style=\"margin: 0 auto;\"><\/div><\/div><\/div><div class=\"x-feature-box-content \"><h4 class=\"x-feature-box-title\"><\/h4><p class=\"x-feature-box-text\"><\/p><\/div><\/div><div id=\"\" class=\"x-text\" style=\"\" ><p><strong>JeanMarc Paquin<\/strong><br \/>\nConseiller principal<\/p>\n<\/div><hr  class=\"x-gap x-hide-xl x-hide-lg x-hide-md\" style=\"margin: 50px 0 0 0;\"><\/div><div  class=\"x-column x-sm x-2-3\" style=\"padding: 0px;\" ><hr  class=\"x-gap x-hide-xl x-hide-lg x-hide-md\" style=\"margin: 50px 0 0 0;\"><\/div><\/div><\/div><div id=\"commentpnl\" class=\"x-section\" style=\"margin: 0px;padding: 45px 0px; background-color: hsl(0, 0%, 100%);\" ><div id=\"\" class=\"x-container max width\" style=\"margin: 0px auto;padding: 0px;\" ><div  class=\"x-column x-sm x-1-1\" style=\"padding: 0px;\" ><h2  class=\"h-custom-headline h3\" ><span><\/span><\/h2><div id=\"\" class=\"x-text\" style=\"\" ><p>Ayant contribu\u00e9 \u00e0 une multitude de projets de formation et de d\u00e9veloppement, Jean-Marc a cumul\u00e9 plus de 12 ans d\u2019exp\u00e9rience en milieux public et priv\u00e9.<\/p>\n<p>Passionn\u00e9 de l\u2019\u00eatre humain et du d\u00e9passement personnel, l\u2019expertise de Jean-Marc repose sur le d\u00e9veloppement d\u2019outils et de strat\u00e9gies pour dynamiser le changement. Se d\u00e9marquant par sa coh\u00e9rence avec ses et sa grande \u00e9coute, il informe, participe et ram\u00e8ne \u00e0 l\u2019essentiel.<\/p>\n<p>Ses habilet\u00e9s \u00e0 analyser, synth\u00e9tiser et mettre en commun de nombreuses informations de nature \u00e9motionnelles et cognitives sont de pr\u00e9cieux atouts qui lui permettent d\u2019\u00eatre extr\u00eamement performant dans sa pratique<\/p>\n<p>En plus d\u2019\u00eatre le fondateur de SynergieCoaching Jean-Marc est Consultant des Solution et des outils psychom\u00e9triques MPO. Il occupe un poste de vice-pr\u00e9sident du Mouvement Humanisation, un projet d\u2019\u00e9tude rattach\u00e9 \u00e0 l\u2019Universit\u00e9 Laval .<\/p>\n<\/div><\/div><\/div><\/div><div id=\"x-section-6\" class=\"x-section\" style=\"margin: 0px;padding: 45px 0px; background-color: hsla(0, 0%, 0%, 0);\" ><div id=\"\" class=\"x-container max width\" style=\"margin: 0px auto;padding: 0px;\" ><div  class=\"x-column x-sm x-1-1\" style=\"padding: 0px;color: #000;\" ><h2  class=\"h-custom-headline h3\" style=\"color: hsl(0, 0%, 1%);\"><span>Comment nous optimisons vos r\u00e9ussites?<\/span><\/h2><div id=\"\" class=\"x-text\" style=\"\" ><p><span style=\"color: #000000;\">Nos sp\u00e9cialistes vous coach \u00e0 :<\/span><\/p>\n<\/div><h2  class=\"h-custom-headline h3\" style=\"color: hsl(0, 0%, 1%);\"><span><\/span><\/h2><ul id=\"\" class=\"x-ul-icons\" style=\"font-size: 1.3em;\" ><li id=\"\" class=\"x-li-icon\" style=\"color: #000;\" ><i class=\"x-icon-check-square-o\" aria-hidden=\"true\" style=\"color: hsl(358, 70%, 48%);\" data-x-icon-s=\"&#xf14a;\" ><\/i>Apprendre davantage sur vous et l\u2019ensemble des enjeux<\/li><li id=\"\" class=\"x-li-icon\" style=\"color: #000;\" ><i class=\"x-icon-check-square-o\" aria-hidden=\"true\" style=\"color: hsl(358, 70%, 48%);\" data-x-icon-s=\"&#xf14a;\" ><\/i>D\u00e9velopper un objectif plus clair que jamais<\/li><li id=\"\" class=\"x-li-icon\" style=\"color: #000;\" ><i class=\"x-icon-check-square-o\" aria-hidden=\"true\" style=\"color: hsl(358, 70%, 48%);\" data-x-icon-s=\"&#xf14a;\" ><\/i>\u00c9laborer un plan d\u2019action qui pointe vers l\u2019excellence<\/li><li id=\"\" class=\"x-li-icon\" style=\"color: #000;\" ><i class=\"x-icon-check-square-o\" aria-hidden=\"true\" style=\"color: hsl(358, 70%, 48%);\" data-x-icon-s=\"&#xf14a;\" ><\/i>D\u00e9velopper des outils pratiques adapt\u00e9s \u00e0 votre r\u00e9alit\u00e9<\/li><li id=\"\" class=\"x-li-icon\" style=\"color: #000;\" ><i class=\"x-icon-check-square-o\" aria-hidden=\"true\" style=\"color: hsl(358, 70%, 48%);\" data-x-icon-s=\"&#xf14a;\" ><\/i>Perfectionner vos r\u00e9sultats atteints<\/li><\/ul><\/div><\/div><\/div><div id=\"x-section-7\" class=\"x-section\" style=\"margin: 0px;padding: 0px; background-color: transparent;\" ><div id=\"\" class=\"x-container\" style=\"margin: 0px auto;padding: 0px;\" ><div  class=\"x-column x-sm x-1-1\" style=\"padding: 0px;\" ><a  class=\"x-creative-cta slide-right\" href=\"https:\/\/synergiecoaching.ca\/index.php\/get-in-touch\/\" style=\"padding: 40px 50px 40px 50px; color: hsl(0, 0%, 100%); background-color: hsl(358, 70%, 48%);\" data-x-element=\"creative_cta\" data-x-params=\"{&quot;animation&quot;:&quot; slide-right&quot;,&quot;bg_color&quot;:&quot;hsl(358, 70%, 48%)&quot;,&quot;bg_color_hover&quot;:&quot;hsl(358, 70%, 48%)&quot;}\"><span class=\"text\" style=\"font-size: 40px;\">Commencez aujourd\u2019hui<\/span><span class=\"graphic\"><i style=\"margin: 0; font-size: 60px;\" class=\"x-icon-arrow-right\" data-x-icon-s=\"&#xf061;\"><\/i><\/span><\/a><\/div><\/div><\/div><div id=\"temoignages\" class=\"x-section\" style=\"margin: 0px;padding: 45px 0px; background-color: hsl(0, 0%, 100%);\" ><div id=\"\" class=\"x-container max width\" style=\"margin: 0px auto;padding: 0px;\" ><div  class=\"x-column x-sm x-1-1\" style=\"padding: 0px;\" ><h2  class=\"h-custom-headline cs-ta-center h2 accent\" ><span>T\u00e9moignages<\/span><\/h2><h3  class=\"h-custom-headline h4\" ><span>Ce qu&rsquo;ils ont dit de SynergieCoaching:<\/span><\/h3><h6  class=\"h-custom-headline h6\" ><span><a href=\"https:\/\/synergiecoaching.ca\/index.php\/services\/coaching-executif#temoignagesc\">Coaching pour Cadres &#038; Ex\u00e9cutifs<\/a><\/span><\/h6><h6  class=\"h-custom-headline h6\" ><span><a href=\"https:\/\/synergiecoaching.ca\/index.php\/services\/performance-sportive-et-artistique\/#temoignagesp\">Performance Sportive &#038; artistique,<br \/>\n<\/a><\/span><\/h6><h6  class=\"h-custom-headline h6\" ><span><a  href=\"https:\/\/synergiecoaching.ca\/index.php\/services\/retablissement-blessure-physique\/#temoignagesr\">R\u00e9tablissement blessure physique,<\/a><br \/>\n<\/span><\/h6><h6  class=\"h-custom-headline h6\" ><span><a href=\"https:\/\/synergiecoaching.ca\/index.php\/services\/perte-de-poids\/#temoignagess\">sant\u00e9 &#038; perte de poids<\/a><\/span><\/h6><h6  class=\"h-custom-headline h6\" ><span><a href=\"https:\/\/synergiecoaching.ca\/index.php\/professionnels-sante\/#temoignagepro\">Professionnels de la sant\u00e9<\/a><\/span><\/h6><\/div><\/div><\/div><\/div>\n","protected":false},"excerpt":{"rendered":"","protected":false},"author":1,"featured_media":0,"parent":0,"menu_order":0,"comment_status":"closed","ping_status":"closed","template":"template-blank-4.php","meta":{"footnotes":""},"class_list":["post-41","page","type-page","status-publish","hentry","no-post-thumbnail"],"_links":{"self":[{"href":"https:\/\/synergiecoaching.ca\/index.php\/wp-json\/wp\/v2\/pages\/41","targetHints":{"allow":["GET"]}}],"collection":[{"href":"https:\/\/synergiecoaching.ca\/index.php\/wp-json\/wp\/v2\/pages"}],"about":[{"href":"https:\/\/synergiecoaching.ca\/index.php\/wp-json\/wp\/v2\/types\/page"}],"author":[{"embeddable":true,"href":"https:\/\/synergiecoaching.ca\/index.php\/wp-json\/wp\/v2\/users\/1"}],"replies":[{"embeddable":true,"href":"https:\/\/synergiecoaching.ca\/index.php\/wp-json\/wp\/v2\/comments?post=41"}],"version-history":[{"count":17,"href":"https:\/\/synergiecoaching.ca\/index.php\/wp-json\/wp\/v2\/pages\/41\/revisions"}],"predecessor-version":[{"id":993,"href":"https:\/\/synergiecoaching.ca\/index.php\/wp-json\/wp\/v2\/pages\/41\/revisions\/993"}],"wp:attachment":[{"href":"https:\/\/synergiecoaching.ca\/index.php\/wp-json\/wp\/v2\/media?parent=41"}],"curies":[{"name":"wp","href":"https:\/\/api.w.org\/{rel}","templated":true}]}}