{"id":879,"date":"2021-03-28T17:07:33","date_gmt":"2021-03-28T17:07:33","guid":{"rendered":"https:\/\/synergiecoachingpnl.com\/index.php\/consultant-management-et-performance-organisationnelle-mpo\/"},"modified":"2025-06-26T15:27:01","modified_gmt":"2025-06-26T19:27:01","slug":"consultant-management-et-performance-organisationnelle-mpo","status":"publish","type":"page","link":"https:\/\/synergiecoaching.ca\/index.php\/consultant-management-et-performance-organisationnelle-mpo\/","title":{"rendered":"Management &#038; Performance Organisationnelle (MPO)"},"content":{"rendered":"<div id=\"cs-content\" class=\"cs-content\"><div id=\"x-section-1\" class=\"x-section\" style=\"margin: 0px;padding: 0px; background-color: transparent;\" ><div id=\"\" class=\"x-container max width\" style=\"margin: 0px auto;padding: 0px;\" ><div class=\"x-column x-sm x-1-1 e879-e3 mof-0\"><span class=\"x-image e879-e4 mof-1 mof-2\"><img decoding=\"async\" src=\"https:\/\/synergiecoaching.ca\/wp-content\/uploads\/2018\/10\/Business-man-arms-crossed.jpg\" width=\"1001\" height=\"667\" alt=\"Image\" loading=\"lazy\"><\/span><\/div><\/div><\/div><div id=\"x-section-2\" class=\"x-section\" style=\"margin: 0px;padding: 1px 0px 45px; background-color: transparent;\" ><div id=\"\" class=\"x-container max width\" style=\"margin: 0px auto;padding: 0px;\" ><div  class=\"x-column x-sm cs-ta-left x-1-1\" style=\"padding: 0px;margin-top: 0px;\" ><h2  class=\"h-custom-headline cs-ta-center h3 accent\" style=\"margin-bottom:20px;\"><span>Les outils psychom\u00e9triques MPO<\/span><\/h2><div class=\"x-text x-content e879-e9 mof-4 mof-5\"><p>&Agrave; l&rsquo;aide d&rsquo;outils psychom&eacute;triques performants, reconnaissez :<\/p><\/div><ul id=\"\" class=\"x-ul-icons\" style=\"font-size:1.3em; line-height:2.3em;\" ><li id=\"\" class=\"x-li-icon\" style=\"\" ><i class=\"x-icon-check\" aria-hidden=\"true\" style=\"\" data-x-icon-s=\"&#xf00c;\" ><\/i>Les besoins motivationnels de vos employ\u00e9s, cadres et gestionnaires<\/li><li id=\"\" class=\"x-li-icon\" style=\"\" ><i class=\"x-icon-check\" aria-hidden=\"true\" style=\"\" data-x-icon-s=\"&#xf00c;\" ><\/i>Leurs modes de communication<\/li><li id=\"\" class=\"x-li-icon\" style=\"\" ><i class=\"x-icon-check\" aria-hidden=\"true\" style=\"\" data-x-icon-s=\"&#xf00c;\" ><\/i>Leurs comportements pr\u00e9visibles<\/li><li id=\"\" class=\"x-li-icon\" style=\"\" ><i class=\"x-icon-check\" aria-hidden=\"true\" style=\"\" data-x-icon-s=\"&#xf00c;\" ><\/i>Leurs forces et leurs talents<\/li><li id=\"\" class=\"x-li-icon\" style=\"\" ><i class=\"x-icon-check\" aria-hidden=\"true\" style=\"\" data-x-icon-s=\"&#xf00c;\" ><\/i>Le profil cibl\u00e9 pour vos nouveaux talents<\/li><\/ul><div class=\"x-row e879-e16 mof-7 mof-8 mof-b mof-c\"><div class=\"x-row-inner\"><div class=\"x-col e879-e17 mof-f\"><span class=\"x-image e879-e18 mof-1 mof-2\"><img decoding=\"async\" src=\"https:\/\/synergiecoaching.ca\/wp-content\/uploads\/2021\/04\/pexels-tima-miroshnichenko-5336963-scaled.jpg\" width=\"2560\" height=\"1707\" alt=\"Image\" loading=\"lazy\"><\/span><\/div><div class=\"x-col e879-e19 mof-f\"><span class=\"x-image e879-e20 mof-1\"><img decoding=\"async\" src=\"https:\/\/synergiecoaching.ca\/wp-content\/uploads\/2021\/04\/Picture2.png\" width=\"398\" height=\"247\" alt=\"Image\" loading=\"lazy\"><\/span><\/div><\/div><\/div><\/div><\/div><\/div><div id=\"x-section-3\" class=\"x-section\" style=\"margin: 0px;padding: 1px 0px 45px; background-color: transparent;\" ><div id=\"\" class=\"x-container max width\" style=\"margin: 0px auto;padding: 0px;\" ><div  class=\"x-column x-sm cs-ta-left x-1-1\" style=\"padding: 0px;margin-top: 0px;\" ><h2  class=\"h-custom-headline cs-ta-center h3 accent\" style=\"margin-bottom:20px;\"><span>La fusion de l\u2019offre MPO et le coaching de SynergieCoaching,\nUn combo id\u00e9al pour :<\/span><\/h2><ul id=\"\" class=\"x-ul-icons\" style=\"font-size:1.3em; line-height:2.3em;\" ><li id=\"\" class=\"x-li-icon\" style=\"\" ><i class=\"x-icon-check\" aria-hidden=\"true\" style=\"\" data-x-icon-s=\"&#xf00c;\" ><\/i>Obtenir un diagnostic de vos \u00e9quipes et des indices de performance<\/li><li id=\"\" class=\"x-li-icon\" style=\"\" ><i class=\"x-icon-check\" aria-hidden=\"true\" style=\"\" data-x-icon-s=\"&#xf00c;\" ><\/i>Avoir les bonnes personnes au bon endroit<\/li><li id=\"\" class=\"x-li-icon\" style=\"\" ><i class=\"x-icon-check\" aria-hidden=\"true\" style=\"\" data-x-icon-s=\"&#xf00c;\" ><\/i>B\u00e2tir solidement vos rencontres d\u2019\u00e9valuation de performance <\/li><li id=\"\" class=\"x-li-icon\" style=\"\" ><i class=\"x-icon-check\" aria-hidden=\"true\" style=\"\" data-x-icon-s=\"&#xf00c;\" ><\/i>Utiliser les meilleurs outils psychom\u00e9triques avec rendu de vive voix<\/li><li id=\"\" class=\"x-li-icon\" style=\"\" ><i class=\"x-icon-check\" aria-hidden=\"true\" style=\"\" data-x-icon-s=\"&#xf00c;\" ><\/i>Obtenir des plans de d\u00e9veloppement personnalis\u00e9 <\/li><li id=\"\" class=\"x-li-icon\" style=\"\" ><i class=\"x-icon-check\" aria-hidden=\"true\" style=\"\" data-x-icon-s=\"&#xf00c;\" ><\/i>Coacher vos cadres et ex\u00e9cutifs<\/li><li id=\"\" class=\"x-li-icon\" style=\"\" ><i class=\"x-icon-check\" aria-hidden=\"true\" style=\"\" data-x-icon-s=\"&#xf00c;\" ><\/i>Profiter d\u2019un outil de gestion technologique simplifi\u00e9<\/li><\/ul><\/div><\/div><\/div><div id=\"x-section-4\" class=\"x-section\" style=\"margin: 0px;padding: 20px 0px 45px; background-color: hsl(0, 0%, 92%);\" ><div id=\"\" class=\"x-container max width\" style=\"margin: 0px auto;padding: 0px;\" ><div  class=\"x-column x-sm cs-ta-center x-1-1\" style=\"padding: 0px;\" ><a class=\"x-image e879-e36 mof-1\" href=\"https:\/\/mpo-solution.com\/fr\/solution_mpo\/\" rel=\"nofollow\"><img decoding=\"async\" src=\"https:\/\/synergiecoaching.ca\/wp-content\/uploads\/2021\/03\/MPO_Logo_Consultant_RGB_EN.jpg\" width=\"621\" height=\"412\" alt=\"MPO CONSULTANT AN NGENIO PRODUCT\" loading=\"lazy\"><\/a><div class=\"x-text x-content e879-e37 mof-4 mof-6\"> Pour plus d\u2019information technique sur la solution MPO, <a href=\"https:\/\/mpo-solution.com\/fr\/solution_mpo\/ target=\"_blank\" rel=\"nofollow\">cliquez ici<\/a><\/div><hr  class=\"x-gap\" style=\"margin: 20px 0 0 0;\"><div id=\"\" class=\"x-text\" style=\"\" ><p>Pour voir comment ce combo peut s\u2019adapter aux diff\u00e9rents besoins de votre organisation<\/p>\n<\/div><a  class=\"x-btn x-btn-global\"  href=\"https:\/\/synergiecoaching.ca\/index.php\/get-in-touch\/\"     data-options=\"thumbnail: ''\">Contactez-nous<\/a><\/div><\/div><\/div><div class=\"x-section e879-e41 mof-g\"><div class=\"x-row x-container max width e879-e42 mof-7 mof-8 mof-9 mof-b mof-d\"><div class=\"x-row-inner\"><div class=\"x-col e879-e43 mof-f\"><div class=\"x-frame x-frame-video-embed e879-e44 mof-h mof-i\"><div class=\"x-frame-inner\"><div class=\"x-video x-video-embed\"><iframe loading=\"lazy\" width=\"560\" height=\"315\" src=\"https:\/\/www.youtube-nocookie.com\/embed\/kvjxT9spW1E\" title=\"YouTube video player\" frameborder=\"0\" allow=\"accelerometer; autoplay; clipboard-write; encrypted-media; gyroscope; picture-in-picture\" allowfullscreen><\/iframe><\/div><\/div><\/div><\/div><\/div><\/div><div class=\"x-row x-container max width e879-e45 mof-7 mof-9 mof-a mof-b mof-e\"><div class=\"x-row-inner\"><div class=\"x-col e879-e46 mof-f\"><div class=\"x-image e879-e47 mof-1 mof-2 mof-3\"><img decoding=\"async\" src=\"https:\/\/synergiecoaching.ca\/wp-content\/uploads\/2021\/03\/Mercuriades-2020.jpg\" width=\"624\" height=\"113\" alt=\"Les Mercuriades 2020 - Fier laur\u00e9at\" loading=\"lazy\"><\/div><\/div><\/div><\/div><\/div><div id=\"temoignagesc\" class=\"x-section\" style=\"margin: 0px;padding: 0px 0px 45px; background-color: transparent;\" ><div id=\"\" class=\"x-container max width\" style=\"margin: 0px auto;padding: 0px;\" ><div  class=\"x-column x-sm x-1-1\" style=\"padding: 0px;\" ><h1  class=\"h-custom-headline cs-ta-center h2 accent\" ><span>T\u00e9moignage<\/span><\/h1><h2  class=\"h-custom-headline cs-ta-left h4\" ><span>Ce qu\u2019ils ont dit du coaching corporatif pour Cadres et Ex\u00e9cutifs:<\/span><\/h2><blockquote  class=\"x-blockquote center-text\" ><i>\u00ab Le Coaching Ex\u00e9cutif m\u2019a permis de me propulser vers l\u2019avant et de pr\u00e9parer l\u2019\u00e9tape suivante pour moi, tout en respectant mes proches collaborateurs, et cela en quelques s\u00e9ances!\n\nMerci pour cet accompagnement de valeur. \u00bb<\/i>\n<cite class=\"x-cite\">Jean-Christophe Gras, Directeur G\u00e9n\u00e9ral Sofitel Montr\u00e9al Le Carr\u00e9 Dor\u00e9<\/cite><\/blockquote><\/div><\/div><\/div><\/div>\n","protected":false},"excerpt":{"rendered":"<p>Les outils psychom\u00e9triques MPO&Agrave; l&rsquo;aide d&rsquo;outils psychom&eacute;triques performants, reconnaissez :Les besoins motivationnels de vos employ\u00e9s, cadres et gestionnairesLeurs modes de communicationLeurs comportements pr\u00e9visiblesLeurs forces et leurs talentsLe profil cibl\u00e9 pour vos nouveaux talentsLa fusion de l\u2019offre MPO et le coaching de SynergieCoaching, Un combo id\u00e9al pour :Obtenir un diagnostic de vos \u00e9quipes et des indices de performanceAvoir les bonnes personnes &#8230; <\/p>\n<div><a href=\"https:\/\/synergiecoaching.ca\/index.php\/consultant-management-et-performance-organisationnelle-mpo\/\" class=\"more-link\">Read More<\/a><\/div>\n","protected":false},"author":1,"featured_media":0,"parent":0,"menu_order":0,"comment_status":"closed","ping_status":"closed","template":"","meta":{"rs_blank_template":"","rs_page_bg_color":"","slide_template_v7":"","footnotes":""},"class_list":["post-879","page","type-page","status-publish","hentry","no-post-thumbnail"],"_links":{"self":[{"href":"https:\/\/synergiecoaching.ca\/index.php\/wp-json\/wp\/v2\/pages\/879","targetHints":{"allow":["GET"]}}],"collection":[{"href":"https:\/\/synergiecoaching.ca\/index.php\/wp-json\/wp\/v2\/pages"}],"about":[{"href":"https:\/\/synergiecoaching.ca\/index.php\/wp-json\/wp\/v2\/types\/page"}],"author":[{"embeddable":true,"href":"https:\/\/synergiecoaching.ca\/index.php\/wp-json\/wp\/v2\/users\/1"}],"replies":[{"embeddable":true,"href":"https:\/\/synergiecoaching.ca\/index.php\/wp-json\/wp\/v2\/comments?post=879"}],"version-history":[{"count":19,"href":"https:\/\/synergiecoaching.ca\/index.php\/wp-json\/wp\/v2\/pages\/879\/revisions"}],"predecessor-version":[{"id":985,"href":"https:\/\/synergiecoaching.ca\/index.php\/wp-json\/wp\/v2\/pages\/879\/revisions\/985"}],"wp:attachment":[{"href":"https:\/\/synergiecoaching.ca\/index.php\/wp-json\/wp\/v2\/media?parent=879"}],"curies":[{"name":"wp","href":"https:\/\/api.w.org\/{rel}","templated":true}]}}