{"id":91,"date":"2017-01-05T15:37:13","date_gmt":"2017-01-05T15:37:13","guid":{"rendered":"http:\/\/synergieconceptpnl.com\/?page_id=91"},"modified":"2025-07-14T17:28:42","modified_gmt":"2025-07-14T21:28:42","slug":"perte-de-poids","status":"publish","type":"page","link":"https:\/\/synergiecoaching.ca\/index.php\/perte-de-poids\/","title":{"rendered":"Coaching personnel"},"content":{"rendered":"<div id=\"cs-content\" class=\"cs-content\"><div id=\"x-section-1\" class=\"x-section bg-image parallax\" style=\"margin: 0px;padding: 200px 80px 300px; background-image: url(https:\/\/synergiecoaching.ca\/wp-content\/uploads\/2018\/10\/businesswoman-call-career-789822.jpg); background-color: transparent;\" data-x-element=\"section\" data-x-params=\"{&quot;type&quot;:&quot;image&quot;,&quot;parallax&quot;:true}\"><div id=\"\" class=\"x-container max width\" style=\"margin: 100px auto 0px;padding: 0px;\" ><div  class=\"x-column x-sm x-1-1\" style=\"padding: 0px; background-color:hsla(0, 0%, 100%, 0.38);\" ><hr  class=\"x-gap\" style=\"margin: 20px 0 0 0;\"><h1  class=\"h-custom-headline cs-ta-left man h2\" ><span>Retrouvez une sant\u00e9 optimale<br \/>\n<\/span><\/h1><hr  class=\"x-gap\" style=\"margin: 20px 0 0 0;\"><\/div><\/div><\/div><div id=\"x-section-2\" class=\"x-section\" style=\"margin: 0px;padding: 45px 0px; background-color: transparent;\" ><div id=\"\" class=\"x-container max width\" style=\"margin: 0px auto;padding: 0px;\" ><div  class=\"x-column x-sm x-1-1\" style=\"padding: 0px;\" ><div  class=\"x-columnize\" >\n<p>Retrouver la sant\u00e9 que vous r\u00eavez ou la\u00a0 maintenir est un v\u00e9ritable d\u00e9fi&#8230; Nous croyons que, dans un d\u00e9sir de changement, les \u00e9motions de la personne sont les principaux r\u00e9flexes qui lui jouent des tours.<\/p>\n<p>D\u00e9couvrez comment transformer votre situation d\u00e9couvrez vos angles morts et changez dans ce qui compte pour vous.<\/p>\n<\/div><a  class=\"x-btn x-btn-global\" style=\"margin-left:35%;\" href=\"https:\/\/calendly.com\/jeanmarc-paquin\"     data-options=\"thumbnail: ''\"><i  class=\"x-icon mvn mln mrs x-icon-calendar\" data-x-icon-s=\"&#xf133;\" aria-hidden=\"true\"><\/i>Prenez rendez-vous aujourd\u2019hui<\/a><\/div><\/div><\/div><div id=\"x-section-3\" class=\"x-section\" style=\"margin: 0px;padding: 0px 0px 45px; background-color: hsl(0, 0%, 92%);\" ><div id=\"\" class=\"x-container max width\" style=\"margin: 0px auto;padding: 0px;\" ><div  class=\"x-column x-sm x-1-1\" style=\"padding: 0px;\" ><h2  class=\"h-custom-headline h3\" ><span>Surmontez vos d\u00e9fis reli\u00e9s \u00e0 votre sant\u00e9<br \/>\n<\/span><\/h2><div id=\"\" class=\"x-text cs-ta-left\" style=\"\" ><p>Quand on se lance un d\u00e9fi, il arrive parfois qu&rsquo;on agisse \u00e0 l&rsquo;encontre de nos objectifs&#8230;<\/p>\n<\/div><h2  class=\"h-custom-headline h3\" ><span>Nous accompagnons toute personne qui :<\/span><\/h2><ul id=\"\" class=\"x-ul-icons\" style=\"\" ><li id=\"\" class=\"x-li-icon\" style=\"\" ><i class=\"x-icon-check-square-o\" aria-hidden=\"true\" style=\"color: hsl(358, 70%, 48%);\" data-x-icon-s=\"&#xf14a;\" ><\/i>Compensent par (le sport, la nourriture, le magasinage&#8230;)<\/li><li id=\"\" class=\"x-li-icon\" style=\"\" ><i class=\"x-icon-check-square-o\" aria-hidden=\"true\" style=\"color: hsl(358, 70%, 48%);\" data-x-icon-s=\"&#xf14a;\" ><\/i>Souhaite modifier ses habitudes de vie<\/li><li id=\"\" class=\"x-li-icon\" style=\"\" ><i class=\"x-icon-check-square-o\" aria-hidden=\"true\" style=\"color: hsl(358, 70%, 48%);\" data-x-icon-s=\"&#xf14a;\" ><\/i>Vit de la col\u00e8re ou de l&rsquo;anxi\u00e9t\u00e9<\/li><li id=\"\" class=\"x-li-icon\" style=\"\" ><i class=\"x-icon-check-square-o\" aria-hidden=\"true\" style=\"color: hsl(358, 70%, 48%);\" data-x-icon-s=\"&#xf14a;\" ><\/i>Veut se lib\u00e9rer d&rsquo;un comportement (souvent appel\u00e9 pattern)<\/li><li id=\"\" class=\"x-li-icon\" style=\"\" ><i class=\"x-icon-check-square-o\" aria-hidden=\"true\" style=\"color: hsl(358, 70%, 48%);\" data-x-icon-s=\"&#xf14a;\" ><\/i>Est stress\u00e9e ou fatigu\u00e9e<\/li><li id=\"\" class=\"x-li-icon\" style=\"\" ><i class=\"x-icon-check-square-o\" aria-hidden=\"true\" style=\"color: hsl(358, 70%, 48%);\" data-x-icon-s=\"&#xf14a;\" ><\/i>Se sent d\u00e9motiv\u00e9e<\/li><li id=\"\" class=\"x-li-icon\" style=\"\" ><i class=\"x-icon-check-square-o\" aria-hidden=\"true\" style=\"color: hsl(358, 70%, 48%);\" data-x-icon-s=\"&#xf14a;\" ><\/i>Atteint un plateau dans son r\u00e9tablissement<\/li><\/ul><\/div><\/div><\/div><div id=\"x-section-4\" class=\"x-section\" style=\"margin: 0px;padding: 45px 0px; background-color: transparent;\" ><div id=\"\" class=\"x-container max width\" style=\"margin: 0px auto;padding: 0px;\" ><div  class=\"x-column x-sm x-1-1\" style=\"padding: 0px;\" ><h2  class=\"h-custom-headline h3\" ><span>une expertise compl\u00e9mentaire \u00e0 votre volont\u00e9<\/span><\/h2><hr  class=\"x-gap\" style=\"margin: 50px 0 0 0;\"><div id=\"\" class=\"x-text\" style=\"color:#000000;\" ><p><strong>Souhaiter obtenir une transformation dans sa vie est un d\u00e9fis d\u00e9licat. Pour coacher dans ce domaine, une expertise de haut niveau est n\u00e9cessaire. <\/strong><\/p>\n<p>Selon nous tout est r\u00e9alisable en permettant \u00e0 notre client de d\u00e9velopper ses outils et d\u00e9jouer ses r\u00e9flexes qui lui joue des tours.<\/p>\n<p><strong> C&rsquo;est ainsi que Synergie Coaching vous offre une exp\u00e9rience de changement.<\/strong><\/p>\n<\/div><\/div><\/div><\/div><div id=\"temoignagess\" class=\"x-section\" style=\"margin: 0px;padding: 45px 0px; background-color: hsl(0, 0%, 92%);\" ><div id=\"\" class=\"x-container max width\" style=\"margin: 0px auto;padding: 0px;\" ><div  class=\"x-column x-sm x-1-1\" style=\"padding: 0px;\" ><h1  class=\"h-custom-headline cs-ta-center h2 accent\" ><span>T\u00e9moignages<\/span><\/h1><h2  class=\"h-custom-headline h4\" ><span>Ce qu\u2019ils ont dit<br \/>\ndu coaching  en sant\u00e9 ou perte de poids:<\/span><\/h2><blockquote  class=\"x-blockquote\" ><i>Une \u00e9coute et une empathie in\u00e9galable. Leur approche terre \u00e0 terre m\u2019a permis de voir ma situation d\u2019un \u0153il diff\u00e9rent. Je me suis sentie accompagn\u00e9e et outill\u00e9e pour faire des choix importants et des changements que je croyais inimaginables.<\/i><cite class=\"x-cite\">E. (M\u00e9decin)<\/cite><\/blockquote><blockquote  class=\"x-blockquote\" ><i>Un mois, pour me lib\u00e9rer de situations embarrassantes et de patterns avec lesquels j\u2019\u00e9tais prise depuis des ann\u00e9es. Avec leurs services, j\u2019ai chang\u00e9 certaines de mes fa\u00e7ons de faire, qui allaient m\u00eame \u00e0 l\u2019encontre de ce que je propose de faire \u00e0 ma client\u00e8le. J\u2019ai aussi appris \u00e0 mieux g\u00e9rer ma motivation et \u00e0 m\u2019ajuster plus rapidement pour \u00eatre bien avec moi-m\u00eame.<\/i><cite class=\"x-cite\">V. (Entraineure)<\/cite><\/blockquote><\/div><\/div><\/div><div id=\"x-section-6\" class=\"x-section\" style=\"margin: 0px;padding: 45px 0px; background-color: transparent;\" ><div id=\"\" class=\"x-container max width\" style=\"margin: 0px auto;padding: 0px;\" ><div  class=\"x-column x-sm x-1-1\" style=\"padding: 0px;\" ><h2  class=\"h-custom-headline cs-ta-center h3 accent\" ><span>SynergieCoaching ,<br \/>\nvotre partenaire pour optimiser vos r\u00e9sultats<\/span><\/h2><hr  class=\"x-gap\" style=\"margin: 20px 0 0 0;\"><div id=\"\" class=\"x-text cs-ta-center\" style=\"\" ><p>Dans le domaine de la m\u00e9decine sportive depuis 2012, <strong>SynergieCoaching <\/strong>est un partenaire de choix en mieux-\u00eatre et r\u00e9tablissement de la sant\u00e9. Nous sommes r\u00e9put\u00e9s pour l&rsquo;aide concr\u00e8te apport\u00e9e aux personnes que nous accompagnons dans leur objectif.<\/p>\n<\/div><\/div><\/div><\/div><\/div>\n","protected":false},"excerpt":{"rendered":"","protected":false},"author":1,"featured_media":0,"parent":0,"menu_order":0,"comment_status":"closed","ping_status":"closed","template":"template-layout-full-width.php","meta":{"rs_blank_template":"","rs_page_bg_color":"","slide_template_v7":"","footnotes":""},"class_list":["post-91","page","type-page","status-publish","hentry","no-post-thumbnail"],"_links":{"self":[{"href":"https:\/\/synergiecoaching.ca\/index.php\/wp-json\/wp\/v2\/pages\/91","targetHints":{"allow":["GET"]}}],"collection":[{"href":"https:\/\/synergiecoaching.ca\/index.php\/wp-json\/wp\/v2\/pages"}],"about":[{"href":"https:\/\/synergiecoaching.ca\/index.php\/wp-json\/wp\/v2\/types\/page"}],"author":[{"embeddable":true,"href":"https:\/\/synergiecoaching.ca\/index.php\/wp-json\/wp\/v2\/users\/1"}],"replies":[{"embeddable":true,"href":"https:\/\/synergiecoaching.ca\/index.php\/wp-json\/wp\/v2\/comments?post=91"}],"version-history":[{"count":9,"href":"https:\/\/synergiecoaching.ca\/index.php\/wp-json\/wp\/v2\/pages\/91\/revisions"}],"predecessor-version":[{"id":996,"href":"https:\/\/synergiecoaching.ca\/index.php\/wp-json\/wp\/v2\/pages\/91\/revisions\/996"}],"wp:attachment":[{"href":"https:\/\/synergiecoaching.ca\/index.php\/wp-json\/wp\/v2\/media?parent=91"}],"curies":[{"name":"wp","href":"https:\/\/api.w.org\/{rel}","templated":true}]}}