{"id":97,"date":"2017-01-05T15:38:15","date_gmt":"2017-01-05T15:38:15","guid":{"rendered":"http:\/\/synergieconceptpnl.com\/?page_id=97"},"modified":"2025-07-14T17:29:52","modified_gmt":"2025-07-14T21:29:52","slug":"coaching-executif","status":"publish","type":"page","link":"https:\/\/synergiecoaching.ca\/index.php\/coaching-executif\/","title":{"rendered":"Coaching pour leaders"},"content":{"rendered":"<div id=\"cs-content\" class=\"cs-content\"><div id=\"x-section-1\" class=\"x-section cs-ta-center\" style=\"margin: 0px;padding: 0px 0px 30px 60px; background-color: transparent;\" ><div id=\"\" class=\"x-container max width\" style=\"margin: 0px auto;padding: 0px;margin:0px;\" ><div  class=\"x-column x-sm cs-ta-center x-1-1\" style=\"padding: 0px;margin:0px;\" ><h1  class=\"h-custom-headline cs-ta-center h2\" ><span>Coaching pour leaders:<\/span><\/h1><\/div><\/div><\/div><div id=\"x-section-2\" class=\"x-section bg-image\" style=\"margin: 0px;padding: 150px 0px; background-image: url(https:\/\/synergiecoaching.ca\/wp-content\/uploads\/2021\/04\/business-suit-690048_1920.jpg); background-color: transparent;\" data-x-element=\"section\" data-x-params=\"{&quot;type&quot;:&quot;image&quot;,&quot;parallax&quot;:false}\"><div id=\"\" class=\"x-container max width\" style=\"margin: 0px auto;padding: 0px;\" ><div  class=\"x-column x-sm x-1-1\" style=\"padding: 0px;opacity: 0; transform: translate(0, -45px); transition-duration: 750ms; background-color:hsla(0, 0%, 0%, 0.25);\" data-x-element=\"column\" data-x-params=\"{&quot;fade&quot;:true}\" data-fade=\"true\"><div id=\"\" class=\"x-text cs-ta-center\" style=\"\" ><h2><span style=\"color: #ffffff;\">Performance Entrepreneuriale<br \/>\n<\/span><\/h2>\n<h5><span style=\"color: #ffffff;\"><strong>Ma\u00eetrisez mieux vos talents naturels, \u00a0identifiez vos modes de performance uniques et \u00a0 dynamisez vos cycles\u00a0<\/strong><\/span><\/h5>\n<\/div><\/div><\/div><\/div><div id=\"x-section-3\" class=\"x-section\" style=\"margin: 0px;padding: 1px 0px 45px; background-color: transparent;\" ><div id=\"\" class=\"x-container max width\" style=\"margin: 0px auto;padding: 0px;\" ><div  class=\"x-column x-sm cs-ta-left x-1-1\" style=\"padding: 0px;margin-top: 0px;\" ><h2  class=\"h-custom-headline cs-ta-center h3 accent\" ><span>Coaching pour Cadres et Ex\u00e9cutifs<br \/>\nOptimisez votre succ\u00e8s <\/span><\/h2><div id=\"\" class=\"x-text\" style=\"\" ><h4><span style=\"color: #000000;\">La croissance et la p\u00e9rennit\u00e9 de votre entreprise sont en grande partie entre les mains des joueurs cl\u00e9s de votre organisation. Ces derniers doivent performer chaque jour, et nous savons que cette r\u00e9alit\u00e9 repr\u00e9sente plusieurs d\u00e9fis.<\/span><\/h4>\n<h4><span style=\"color: #000000;\">Nous croyons qu\u2019il est possible de maitriser sa performance maximale par une approche individualis\u00e9e et une expertise non traditionnelle. C&rsquo;est ainsi que nous avons cr\u00e9\u00e9 nos services de Coaching pour Cardres et Ex\u00e9cutifs.<\/span><\/h4>\n<\/div><a  class=\"x-btn x-btn-global\" style=\"right:-830px;\" href=\"https:\/\/synergiecoaching.ca\/index.php\/get-in-touch\/\"     data-options=\"thumbnail: ''\">Communiquez avec nous<\/a><\/div><\/div><\/div><div id=\"x-section-4\" class=\"x-section\" style=\"margin: 0px;padding: 20px 0px 45px; background-color: hsl(0, 0%, 92%);\" ><div id=\"\" class=\"x-container max width\" style=\"margin: 0px auto;padding: 0px;\" ><div  class=\"x-column x-sm x-1-1\" style=\"padding: 0px;\" ><h2  class=\"h-custom-headline h3\" ><span>Surmontez<br \/>\nvos enjeux gr\u00e2ce au coaching<\/span><\/h2><hr  class=\"x-gap\" style=\"margin: 20px 0 0 0;\"><div id=\"\" class=\"x-text\" style=\"\" ><p>Que vous soyez un entrepreneur, un cadre, un dirigeant, un propri\u00e9taire d\u2019entreprise ou un investisseur, nous pouvons r\u00e9pondre \u00e0 tous vos d\u00e9fis ponctuels ou globaux :<\/p>\n<\/div><\/div><\/div><div id=\"\" class=\"x-container max width\" style=\"margin: 0px auto;padding: 0px;\" ><div  class=\"x-column x-sm x-1-2\" style=\"padding: 0px;\" ><ul id=\"\" class=\"x-ul-icons\" style=\"\" ><li id=\"\" class=\"x-li-icon\" style=\"\" ><i class=\"x-icon-check-square-o\" aria-hidden=\"true\" style=\"color: hsl(358, 70%, 48%);\" data-x-icon-s=\"&#xf14a;\" ><\/i>Passage de l\u2019id\u00e9e \u00e0 l\u2019action<\/li><li id=\"\" class=\"x-li-icon\" style=\"\" ><i class=\"x-icon-check-square-o\" aria-hidden=\"true\" style=\"color: hsl(358, 70%, 48%);\" data-x-icon-s=\"&#xf14a;\" ><\/i>Gestion du changement et gestion de crise<\/li><li id=\"\" class=\"x-li-icon\" style=\"\" ><i class=\"x-icon-check-square-o\" aria-hidden=\"true\" style=\"color: hsl(358, 70%, 48%);\" data-x-icon-s=\"&#xf14a;\" ><\/i>Proactivit\u00e9, focus et d\u00e9termination<\/li><li id=\"\" class=\"x-li-icon\" style=\"\" ><i class=\"x-icon-check-square-o\" aria-hidden=\"true\" style=\"color: hsl(358, 70%, 48%);\" data-x-icon-s=\"&#xf14a;\" ><\/i>Priorisation des enjeux<\/li><li id=\"\" class=\"x-li-icon\" style=\"\" ><i class=\"x-icon-check-square-o\" aria-hidden=\"true\" style=\"color: hsl(358, 70%, 48%);\" data-x-icon-s=\"&#xf14a;\" ><\/i>Rigueur et courage<\/li><\/ul><\/div><div  class=\"x-column x-sm x-1-2\" style=\"padding: 0px;\" ><ul id=\"\" class=\"x-ul-icons\" style=\"\" ><li id=\"\" class=\"x-li-icon\" style=\"\" ><i class=\"x-icon-check-square-o\" aria-hidden=\"true\" style=\"color: hsl(358, 70%, 48%);\" data-x-icon-s=\"&#xf14a;\" ><\/i>Relations interpersonnelles<\/li><li id=\"\" class=\"x-li-icon\" style=\"\" ><i class=\"x-icon-check-square-o\" aria-hidden=\"true\" style=\"color: hsl(358, 70%, 48%);\" data-x-icon-s=\"&#xf14a;\" ><\/i>Adaptation de son style de leadership<\/li><li id=\"\" class=\"x-li-icon\" style=\"\" ><i class=\"x-icon-check-square-o\" aria-hidden=\"true\" style=\"color: hsl(358, 70%, 48%);\" data-x-icon-s=\"&#xf14a;\" ><\/i>Performance versus \u00e9puisement<\/li><li id=\"\" class=\"x-li-icon\" style=\"\" ><i class=\"x-icon-check-square-o\" aria-hidden=\"true\" style=\"color: hsl(358, 70%, 48%);\" data-x-icon-s=\"&#xf14a;\" ><\/i>Gestion du stress et des \u00e9motions<\/li><\/ul><\/div><\/div><\/div><div id=\"x-section-5\" class=\"x-section\" style=\"margin: 0px;padding: 0px 0px 45px; background-color: transparent;\" ><div id=\"\" class=\"x-container max width\" style=\"margin: 0px auto;padding: 0px;\" ><div  class=\"x-column x-sm x-1-1\" style=\"padding: 0px;\" ><h2  class=\"h-custom-headline h3\" ><span>Ma\u00eetriser<br \/>\nvotre performance, optimisez votre succ\u00e8s<\/span><\/h2><hr  class=\"x-gap\" style=\"margin: 20px 0 0 0;\"><hr  class=\"x-gap\" style=\"margin: 20px 0 0 0;\"><\/div><\/div><\/div><div id=\"x-section-6\" class=\"x-section\" style=\"margin: 0px;padding: 20px 0px 0px; background-color: hsl(0, 0%, 92%);\" ><div id=\"\" class=\"x-container max width\" style=\"margin: 0px auto;padding: 0px;\" ><div  class=\"x-column x-sm x-1-1\" style=\"padding: 0px;\" ><h2  class=\"h-custom-headline cs-ta-center h3 accent\" ><span>Abordez le changement autrement<\/span><\/h2><\/div><\/div><\/div><div id=\"x-section-7\" class=\"x-section\" style=\"margin: 0px;padding: 1px 0px 45px; background-color: hsl(0, 0%, 92%);\" ><div id=\"\" class=\"x-container max width\" style=\"margin: 0px auto;padding: 0px;\" ><div  class=\"x-column x-sm x-1-1\" style=\"padding: 0px;\" ><blockquote  class=\"x-blockquote\" >\u00abLe succ\u00e8s en affaires, la performance et le bonheur ont leurs exigences et sont tous et chacun la r\u00e9sultante d\u2019habitudes. \u00bb<cite class=\"x-cite\">Jean-Marc Paquin<\/cite><\/blockquote><\/div><\/div><div id=\"\" class=\"x-container max width\" style=\"margin: 0px auto;padding: 0px;\" ><div  class=\"x-column x-sm x-1-3\" style=\"padding: 1px 0px 0px;opacity: 0;transition-duration: 750ms;\" data-x-element=\"column\" data-x-params=\"{&quot;fade&quot;:true}\" data-fade=\"true\"><div  class=\"x-feature-box center-text top-text cf\" style=\" max-width: none;\" data-x-element=\"feature_box\" data-x-params=\"{&quot;child&quot;:false,&quot;graphicAnimation&quot;:&quot;none&quot;,&quot;graphicAnimationOffset&quot;:&quot;50&quot;,&quot;graphicAnimationDelay&quot;:&quot;0&quot;}\"><div class=\"x-feature-box-graphic circle \"><div class=\"x-feature-box-graphic-outer circle\" style=\"\"><div class=\"x-feature-box-graphic-inner circle\" style=\"font-size: 200px;\"><img decoding=\"async\" class=\"circle\" src=\"https:\/\/synergiecoaching.ca\/wp-content\/uploads\/2017\/01\/Jean-Marc_demo.jpg\" style=\"margin: 0 auto;\"><\/div><\/div><\/div><div class=\"x-feature-box-content \"><h4 class=\"x-feature-box-title\"><\/h4><p class=\"x-feature-box-text\"><\/p><\/div><\/div><div id=\"\" class=\"x-text cs-ta-center\" style=\"\" ><p><strong>JeanMarc Paquin<\/strong><br \/>\nConseiller principal<\/p>\n<\/div><\/div><div  class=\"x-column x-sm x-2-3\" style=\"padding: 0px;\" ><div id=\"\" class=\"x-text cs-ta-justify\" style=\"color: #000;\" ><p><strong>Expert en mind set d&rsquo;excellence<\/strong> SynergieCoaching propose une culture d\u2019entreprise o\u00f9 chaque cadre, dirigeant ou superviseur dispose des moyens pour mieux surmonter ces d\u00e9fis personnels et professionnels afin d\u2019\u00eatre optimal tant au travail qu\u2019\u00e0 la maison.<\/p>\n<p>Son approche permet d\u2019identifier et de transformer rapidement\u00a0 le savoir-\u00eatre et le savoir-faire d\u2019une personne dans l\u2019atteinte d\u2019un changement.<\/p>\n<p>Leurs coachings misent sur l\u2019int\u00e9gration de nouveaux r\u00e9flexes afin que la satisfaction de vos besoins demande moins d\u2019investissement en temps, en \u00e9nergie et en argent.<\/p>\n<\/div><\/div><\/div><\/div><div id=\"temoignagesc\" class=\"x-section\" style=\"margin: 0px;padding: 45px 0px; background-color: transparent;\" ><div id=\"\" class=\"x-container max width\" style=\"margin: 0px auto;padding: 0px;\" ><div  class=\"x-column x-sm x-1-1\" style=\"padding: 0px;\" ><h1  class=\"h-custom-headline cs-ta-center h2 accent\" ><span>T\u00e9moignage<\/span><\/h1><h2  class=\"h-custom-headline cs-ta-left h4\" ><span>Ce qu\u2019ils ont dit du coaching corporatif pour Cadres et Ex\u00e9cutifs:<\/span><\/h2><blockquote  class=\"x-blockquote center-text\" ><i>\u00ab Le Coaching Ex\u00e9cutif m\u2019a permis de me propulser vers l\u2019avant et de pr\u00e9parer l\u2019\u00e9tape suivante pour moi, tout en respectant mes proches collaborateurs, et cela en quelques s\u00e9ances!<\/p>\n<p>Merci pour cet accompagnement de valeur. \u00bb<\/i><br \/>\n<cite class=\"x-cite\">Jean-Christophe Gras, Directeur G\u00e9n\u00e9ral Sofitel Montr\u00e9al Le Carr\u00e9 Dor\u00e9<\/cite><\/blockquote><\/div><\/div><\/div><\/div>\n","protected":false},"excerpt":{"rendered":"","protected":false},"author":1,"featured_media":0,"parent":0,"menu_order":0,"comment_status":"closed","ping_status":"closed","template":"template-blank-1.php","meta":{"footnotes":""},"class_list":["post-97","page","type-page","status-publish","hentry","no-post-thumbnail"],"_links":{"self":[{"href":"https:\/\/synergiecoaching.ca\/index.php\/wp-json\/wp\/v2\/pages\/97","targetHints":{"allow":["GET"]}}],"collection":[{"href":"https:\/\/synergiecoaching.ca\/index.php\/wp-json\/wp\/v2\/pages"}],"about":[{"href":"https:\/\/synergiecoaching.ca\/index.php\/wp-json\/wp\/v2\/types\/page"}],"author":[{"embeddable":true,"href":"https:\/\/synergiecoaching.ca\/index.php\/wp-json\/wp\/v2\/users\/1"}],"replies":[{"embeddable":true,"href":"https:\/\/synergiecoaching.ca\/index.php\/wp-json\/wp\/v2\/comments?post=97"}],"version-history":[{"count":10,"href":"https:\/\/synergiecoaching.ca\/index.php\/wp-json\/wp\/v2\/pages\/97\/revisions"}],"predecessor-version":[{"id":984,"href":"https:\/\/synergiecoaching.ca\/index.php\/wp-json\/wp\/v2\/pages\/97\/revisions\/984"}],"wp:attachment":[{"href":"https:\/\/synergiecoaching.ca\/index.php\/wp-json\/wp\/v2\/media?parent=97"}],"curies":[{"name":"wp","href":"https:\/\/api.w.org\/{rel}","templated":true}]}}